{"id":3,"date":"2020-12-18T21:41:24","date_gmt":"2020-12-18T20:41:24","guid":{"rendered":"http:\/\/vitjanda.cz\/?page_id=3"},"modified":"2023-12-03T02:05:11","modified_gmt":"2023-12-03T01:05:11","slug":"zasady-ochrany-osobnich-udaju","status":"publish","type":"page","link":"https:\/\/vitjanda.cz\/en\/zasady-ochrany-osobnich-udaju\/","title":{"rendered":"Z\u00e1sady ochrany osobn\u00edch \u00fadaj\u016f"},"content":{"rendered":"<div data-elementor-type=\"wp-page\" data-elementor-id=\"3\" class=\"elementor elementor-3\">\n\t\t\t\t\t\t<div class=\"elementor-inner\">\n\t\t\t\t<div class=\"elementor-section-wrap\">\n\t\t\t\t\t\t\t\t\t<section class=\"elementor-section elementor-top-section elementor-element elementor-element-34c9415b elementor-section-boxed elementor-section-height-default elementor-section-height-default\" data-id=\"34c9415b\" data-element_type=\"section\">\n\t\t\t\t\t\t<div class=\"elementor-container elementor-column-gap-default\">\n\t\t\t\t\t\t\t<div class=\"elementor-row\">\n\t\t\t\t\t<div class=\"elementor-column elementor-col-100 elementor-top-column elementor-element elementor-element-65c37747\" data-id=\"65c37747\" data-element_type=\"column\">\n\t\t\t<div class=\"elementor-column-wrap elementor-element-populated\">\n\t\t\t\t\t\t\t<div class=\"elementor-widget-wrap\">\n\t\t\t\t\t\t<div class=\"elementor-element elementor-element-66630be elementor-widget elementor-widget-heading\" data-id=\"66630be\" data-element_type=\"widget\" data-widget_type=\"heading.default\">\n\t\t\t\t<div class=\"elementor-widget-container\">\n\t\t\t<h2 class=\"elementor-heading-title elementor-size-default\">Z\u00e1sady ochrany osobn\u00edch \u00fadaj\u016f<\/h2>\t\t<\/div>\n\t\t\t\t<\/div>\n\t\t\t\t<div class=\"elementor-element elementor-element-502af633 elementor-widget elementor-widget-text-editor\" data-id=\"502af633\" data-element_type=\"widget\" data-widget_type=\"text-editor.default\">\n\t\t\t\t<div class=\"elementor-widget-container\">\n\t\t\t\t\t\t\t\t<div class=\"elementor-text-editor elementor-clearfix\">\n\t\t\t\t<p><!-- wp:heading --><\/p>\n<p><strong>V\u00edt Janda<br \/><\/strong>N\u00e1chodsk\u00e1 2681\/3, 390 03 T\u00e1bor, \u010cesk\u00e1 republika<br \/><a href=\"mailto:vit.janda@email.cz\" target=\"_blank\" rel=\"noopener\">vit.janda@email.cz<\/a><\/p>\n<p>Prost\u0159ednictv\u00edm t\u00e9to str\u00e1nky V\u00e1m chceme objasnit, jak\u00e9 \u00fadaje shroma\u017e\u010fujeme, co s nimi d\u011bl\u00e1me a jak m\u016f\u017eete uplatnit sv\u00e1 pr\u00e1va t\u00fdkaj\u00edc\u00ed se Va\u0161ich osobn\u00edch \u00fadaj\u016f.<\/p>\n<p>\u00dadaje shroma\u017e\u010fujeme pouze tehdy, pokud k tomu m\u00e1me n\u011bkter\u00fd z opr\u00e1vn\u011bn\u00fdch d\u016fvod\u016f, tj. pokud:<\/p>\n<ul>\n<li>jste k tomu ud\u011blili dobrovoln\u00fd souhlas,<\/li>\n<li>je zpracov\u00e1n\u00ed nezbytn\u00e9 pro pln\u011bn\u00ed na\u0161ich povinnost\u00ed, kter\u00e9 vypl\u00fdvaj\u00ed z uzav\u0159en\u00fdch smluv; m\u016f\u017ee se t\u00fdkat i zas\u00edl\u00e1n\u00ed zpr\u00e1v, notifikac\u00ed a potvrzen\u00ed, kter\u00e9 slou\u017e\u00ed k obsluze Va\u0161eho produktu,<\/li>\n<li>je zpracov\u00e1n\u00ed nezbytn\u00e9 pro spln\u011bn\u00ed na\u0161ich povinnost\u00ed, kter\u00e9 n\u00e1m ukl\u00e1daj\u00ed pr\u00e1vn\u00ed p\u0159edpisy,<\/li>\n<li>je zpracov\u00e1n\u00ed nezbytn\u00e9 k zaji\u0161t\u011bn\u00ed ochrany na\u0161ich pr\u00e1v a pr\u00e1vem chr\u00e1n\u011bn\u00fdch z\u00e1jm\u016f,<\/li>\n<li>zpracov\u00e1n\u00ed je nezbytn\u00e9 pro \u00fa\u010dely opr\u00e1vn\u011bn\u00fdch z\u00e1jm\u016f p\u0159\u00edslu\u0161n\u00e9ho spr\u00e1vce \u010di t\u0159et\u00ed strany, krom\u011b p\u0159\u00edpad\u016f, kdy p\u0159ed t\u011bmito z\u00e1jmy maj\u00ed p\u0159ednost z\u00e1jmy nebo z\u00e1kladn\u00ed pr\u00e1va a svobody subjekt\u016f \u00fadaj\u016f vy\u017eaduj\u00edc\u00ed ochranu osobn\u00edch \u00fadaj\u016f.<\/li>\n<\/ul>\n<p>P\u0159\u00edsp\u011bvky na t\u011bchto webov\u00fdch str\u00e1nk\u00e1ch mohou obsahovat vlo\u017een\u00fd obsah z jin\u00fdch webov\u00fdch str\u00e1nek (nap\u0159\u00edklad videa, obr\u00e1zky, \u010dl\u00e1nky atd.), kter\u00fd se chov\u00e1 stejn\u00fdm zp\u016fsobem, jako kdyby n\u00e1v\u0161t\u011bvn\u00edk nav\u0161t\u00edvil jin\u00fd web.<\/p>\n<p>Tyto webov\u00e9 str\u00e1nky mohou n\u00e1sledn\u011b shroma\u017e\u010fovat data o V\u00e1s, pou\u017e\u00edvat soubory cookies, vkl\u00e1dat dal\u0161\u00ed sledov\u00e1n\u00ed od t\u0159et\u00edch stran a sledovat Va\u0161\u00ed interakci s t\u00edmto vlo\u017een\u00fdm obsahem, v\u010detn\u011b sledov\u00e1n\u00ed interakce s vlo\u017een\u00fdm obsahem, pokud m\u00e1te \u00fa\u010det a jste p\u0159ihl\u00e1\u0161eni na danou webovou str\u00e1nku.<\/p>\n<p>Jako v\u011bt\u0161ina str\u00e1nek na internetu vyu\u017e\u00edv\u00e1me tzv. cookies.<\/p>\n<p>Tento web pou\u017e\u00edv\u00e1 slu\u017ebu Google Analytics, poskytovanou spole\u010dnost\u00ed Google, kter\u00e1 pou\u017e\u00edv\u00e1 soubory cookies. Informace o u\u017e\u00edv\u00e1n\u00ed str\u00e1nky spolu s obsahem souboru cookie bude spole\u010dnost\u00ed Google p\u0159enesen a ulo\u017een na serverech ve Spojen\u00fdch st\u00e1tech americk\u00fdch. Google bude d\u00e1le u\u017e\u00edvat t\u011bchto informac\u00ed pro \u00fa\u010dely vyhodnocov\u00e1n\u00ed u\u017e\u00edv\u00e1n\u00ed str\u00e1nky a vytv\u00e1\u0159en\u00ed zpr\u00e1v o jej\u00ed aktivit\u011b, ur\u010den\u00fdch pro jej\u00ed provozovatele, a pro poskytov\u00e1n\u00ed dal\u0161\u00edch slu\u017eeb t\u00fdkaj\u00edc\u00edch se \u010dinnost\u00ed na str\u00e1nce a u\u017e\u00edv\u00e1n\u00ed internetu v\u016fbec. Google m\u016f\u017ee tyto informace poskytnout tak\u00e9 t\u0159et\u00edm osob\u00e1m, bude-li to po\u017eadov\u00e1no z\u00e1konem nebo budou-li tyto t\u0159et\u00ed osoby zpracov\u00e1vat tyto informace pro Google.<\/p>\n<p>Slu\u017eba Google Analytics je roz\u0161\u00ed\u0159ena o souvisej\u00edc\u00ed reklamn\u00ed funkce poskytovan\u00e9 spole\u010dnost\u00ed Google, a to:<\/p>\n<ul>\n<li>p\u0159ehledy zobrazen\u00ed v reklamn\u00ed s\u00edti Google,<\/li>\n<li>remarketing (zobrazov\u00e1n\u00ed reklam v obsahov\u00e9 s\u00edti na z\u00e1klad\u011b zhl\u00e9dnut\u00fdch produkt\u016f)<\/li>\n<li>roz\u0161\u00ed\u0159en\u00e9 demografick\u00e9 p\u0159ehledy (reportov\u00e1n\u00ed anonymn\u00edch demografick\u00fdch dat)<\/li>\n<li>user ID \u2013 funkce, kter\u00e1 umo\u017e\u0148uje m\u011b\u0159it a analyzovat chov\u00e1n\u00ed u\u017eivatel\u016f nap\u0159\u00ed\u010d za\u0159\u00edzen\u00edmi; jako user ID je pou\u017e\u00edv\u00e1n \u0159et\u011bzec \u010d\u00edsel nebo p\u00edsmen, nikdy ne osobn\u00ed \u00fadaje, kter\u00e9 by dovolily t\u0159et\u00edm stran\u00e1m identifikovat konkr\u00e9tn\u00ed osobu<\/li>\n<\/ul>\n<p>V\u00edce informac\u00ed o zpracov\u00e1n\u00ed a vyu\u017eit\u00ed dat najdete ve <a href=\"https:\/\/policies.google.com\/technologies\/partner-sites?hl=cs\"><strong>smluvn\u00edch podm\u00ednk\u00e1ch spole\u010dnosti Google<\/strong><\/a>. Pokud nechcete poskytovat anonymn\u00ed data o pou\u017e\u00edv\u00e1n\u00ed webu slu\u017eb\u011b Google Analytics, m\u016f\u017eete pou\u017e\u00edt <strong><a href=\"https:\/\/tools.google.com\/dlpage\/gaoptout\">plugin poskytovan\u00fd spole\u010dnost\u00ed Google<\/a><\/strong>, po jeho\u017e instalaci <br \/>do Va\u0161eho prohl\u00ed\u017ee\u010de a aktivaci ji\u017e nebudou data d\u00e1le odes\u00edl\u00e1na.<\/p>\n<p>Na\u0161e webov\u00e9 str\u00e1nky vyu\u017e\u00edvaj\u00ed technologie retargetingu od slu\u017eby Sklik provozovan\u00e9 spole\u010dnost\u00ed Seznam.cz, a.s., kter\u00e1 n\u00e1m umo\u017e\u0148uje uk\u00e1zat n\u00e1v\u0161t\u011bvn\u00edk\u016fm, kte\u0159\u00ed ji\u017e projevili z\u00e1jem o na\u0161e produkty, na\u0161e reklamy v reklamn\u00ed s\u00edti spole\u010dnosti Seznam.cz, a.s. Z c\u00edlen\u00ed reklamy se m\u016f\u017eete odhl\u00e1sit na <strong><a href=\"http:\/\/www.imedia.cz\/\">t\u00e9to str\u00e1nce<\/a><\/strong>.<\/p>\n<p>Pou\u017e\u00edv\u00e1me i n\u00e1stroj Hotjar za \u00fa\u010delem zlep\u0161en\u00ed na\u0161ich slu\u017eeb a zku\u0161enost\u00ed. Hotjar <br \/>je technologie, kter\u00e1 n\u00e1m pom\u00e1h\u00e1 l\u00e9pe porozum\u011bt chov\u00e1n\u00ed u\u017eivatel\u016f na na\u0161em webu, nap\u0159. kolik \u010dasu tr\u00e1v\u00ed na kter\u00e9 str\u00e1nce, na kter\u00e9 odkazy klikaj\u00ed, co u\u017eivatel\u00e9 d\u011blaj\u00ed a nemaj\u00ed r\u00e1di atd. Hotjar pou\u017e\u00edv\u00e1 cookies a dal\u0161\u00ed technologie ke sb\u011bru dat o chov\u00e1n\u00ed u\u017eivatel\u016f na\u0161ich webov\u00fdch str\u00e1nek a jejich za\u0159\u00edzen\u00ed (v anonymizovan\u00e9 podob\u011b IP adresy, velikost obrazovky, typ za\u0159\u00edzen\u00ed, informace o prohl\u00ed\u017ee\u010di). Hotjar tyto informace ukl\u00e1d\u00e1 tak, aby nebylo mo\u017en\u00e9 identifikovat konkr\u00e9tn\u00ed u\u017eivatele. Pokud nechcete, aby Hotjar shroma\u017e\u010foval informace o pou\u017eit\u00ed na\u0161ich webov\u00fdch str\u00e1nek, m\u016f\u017eete se odhl\u00e1sit <strong><a href=\"https:\/\/www.hotjar.com\/legal\/compliance\/opt-out\">zde<\/a><\/strong>.<\/p>\n<p>Pr\u00e1vo na p\u0159\u00edstup k osobn\u00edm \u00fadaj\u016fm, pr\u00e1vo na opravu, resp. dopln\u011bn\u00ed, pr\u00e1vo na v\u00fdmaz, pr\u00e1vo na omezen\u00ed zpracov\u00e1n\u00ed, pr\u00e1vo na p\u0159enositelnost \u00fadaj\u016f, pr\u00e1vo vzn\u00e9st n\u00e1mitku, pr\u00e1vo neb\u00fdt p\u0159edm\u011btem automatizovan\u00e9ho individu\u00e1ln\u00edho rozhodov\u00e1n\u00ed s pr\u00e1vn\u00edmi \u010di obdobn\u00fdmi \u00fa\u010dinky, zahrnuj\u00edce i profilov\u00e1n\u00ed m\u016f\u017eete uplatnit skrze e-mailovou adresu\u00a0<a href=\"mailto:vit.janda@email.cz\" target=\"_blank\" rel=\"noopener\">vit.janda@email.cz<\/a>.<\/p>\n<p>T\u00edm, \u017ee pou\u017e\u00edv\u00e1te na\u0161e webov\u00e9 str\u00e1nky, d\u00e1v\u00e1te najevo souhlas s v\u00fd\u0161e uveden\u00fdmi pravidly na t\u00e9to str\u00e1nce. Pokud s nimi nesouhlas\u00edte, pros\u00edme, nepou\u017e\u00edvejte n\u00e1\u0161 web.<\/p>\n<p><!-- \/wp:heading --><\/p>\t\t\t\t\t<\/div>\n\t\t\t\t\t\t<\/div>\n\t\t\t\t<\/div>\n\t\t\t\t\t\t<\/div>\n\t\t\t\t\t<\/div>\n\t\t<\/div>\n\t\t\t\t\t\t\t\t<\/div>\n\t\t\t\t\t<\/div>\n\t\t<\/section>\n\t\t\t\t\t\t\t\t\t<\/div>\n\t\t\t<\/div>\n\t\t\t\t\t<\/div>","protected":false},"excerpt":{"rendered":"<p>Z\u00e1sady ochrany osobn\u00edch \u00fadaj\u016f V\u00edt JandaN\u00e1chodsk\u00e1 2681\/3, 390 03 T\u00e1bor, \u010cesk\u00e1 republikavit.janda@email.cz Prost\u0159ednictv\u00edm t\u00e9to str\u00e1nky V\u00e1m chceme objasnit, jak\u00e9 \u00fadaje shroma\u017e\u010fujeme, co s nimi d\u011bl\u00e1me&hellip;<\/p>","protected":false},"author":1,"featured_media":0,"parent":0,"menu_order":0,"comment_status":"closed","ping_status":"open","template":"","meta":{"footnotes":""},"class_list":["post-3","page","type-page","status-publish","hentry"],"yoast_head":"<!-- This site is optimized with the Yoast SEO plugin v18.2 - https:\/\/yoast.com\/wordpress\/plugins\/seo\/ -->\n<title>Z\u00e1sady ochrany osobn\u00edch \u00fadaj\u016f - V\u00edt Janda<\/title>\n<meta name=\"robots\" content=\"noindex, nofollow\" \/>\n<meta property=\"og:locale\" content=\"en_US\" \/>\n<meta property=\"og:type\" content=\"article\" \/>\n<meta property=\"og:title\" content=\"Z\u00e1sady ochrany osobn\u00edch \u00fadaj\u016f - V\u00edt Janda\" \/>\n<meta property=\"og:description\" content=\"Z\u00e1sady ochrany osobn\u00edch \u00fadaj\u016f V\u00edt JandaN\u00e1chodsk\u00e1 2681\/3, 390 03 T\u00e1bor, \u010cesk\u00e1 republikavit.janda@email.cz Prost\u0159ednictv\u00edm t\u00e9to str\u00e1nky V\u00e1m chceme objasnit, jak\u00e9 \u00fadaje shroma\u017e\u010fujeme, co s nimi d\u011bl\u00e1me&hellip;\" \/>\n<meta property=\"og:url\" content=\"https:\/\/vitjanda.cz\/en\/zasady-ochrany-osobnich-udaju\/\" \/>\n<meta property=\"og:site_name\" content=\"V\u00edt Janda\" \/>\n<meta property=\"article:publisher\" content=\"https:\/\/www.facebook.com\/vitek.janda\/\" \/>\n<meta property=\"article:modified_time\" content=\"2023-12-03T01:05:11+00:00\" \/>\n<meta name=\"twitter:card\" content=\"summary_large_image\" \/>\n<meta name=\"twitter:site\" content=\"@vitek_janda\" \/>\n<meta name=\"twitter:label1\" content=\"Est. reading time\" \/>\n\t<meta name=\"twitter:data1\" content=\"4 minutes\" \/>\n<script type=\"application\/ld+json\" class=\"yoast-schema-graph\">{\"@context\":\"https:\/\/schema.org\",\"@graph\":[{\"@type\":\"Organization\",\"@id\":\"https:\/\/vitjanda.cz\/#organization\",\"name\":\"V\u00edt Janda | Business Developer\",\"url\":\"https:\/\/vitjanda.cz\/\",\"sameAs\":[\"https:\/\/www.facebook.com\/vitek.janda\/\",\"https:\/\/www.instagram.com\/vitekjanda\/\",\"https:\/\/www.linkedin.com\/in\/vitjanda\/\",\"https:\/\/www.youtube.com\/channel\/UCScQCJEGrDivkW_gQmBmRbQ\",\"https:\/\/twitter.com\/vitek_janda\"],\"logo\":{\"@type\":\"ImageObject\",\"@id\":\"https:\/\/vitjanda.cz\/#logo\",\"inLanguage\":\"en-US\",\"url\":\"https:\/\/vitjanda.cz\/wp-content\/uploads\/2020\/12\/VJ.jpg\",\"contentUrl\":\"https:\/\/vitjanda.cz\/wp-content\/uploads\/2020\/12\/VJ.jpg\",\"width\":910,\"height\":910,\"caption\":\"V\u00edt Janda | Business Developer\"},\"image\":{\"@id\":\"https:\/\/vitjanda.cz\/#logo\"}},{\"@type\":\"WebSite\",\"@id\":\"https:\/\/vitjanda.cz\/#website\",\"url\":\"https:\/\/vitjanda.cz\/\",\"name\":\"V\u00edt Janda\",\"description\":\"Business Developer\",\"publisher\":{\"@id\":\"https:\/\/vitjanda.cz\/#organization\"},\"potentialAction\":[{\"@type\":\"SearchAction\",\"target\":{\"@type\":\"EntryPoint\",\"urlTemplate\":\"https:\/\/vitjanda.cz\/?s={search_term_string}\"},\"query-input\":\"required name=search_term_string\"}],\"inLanguage\":\"en-US\"},{\"@type\":\"WebPage\",\"@id\":\"https:\/\/vitjanda.cz\/zasady-ochrany-osobnich-udaju\/#webpage\",\"url\":\"https:\/\/vitjanda.cz\/zasady-ochrany-osobnich-udaju\/\",\"name\":\"Z\u00e1sady ochrany osobn\u00edch \u00fadaj\u016f - V\u00edt Janda\",\"isPartOf\":{\"@id\":\"https:\/\/vitjanda.cz\/#website\"},\"datePublished\":\"2020-12-18T20:41:24+00:00\",\"dateModified\":\"2023-12-03T01:05:11+00:00\",\"breadcrumb\":{\"@id\":\"https:\/\/vitjanda.cz\/zasady-ochrany-osobnich-udaju\/#breadcrumb\"},\"inLanguage\":\"en-US\",\"potentialAction\":[{\"@type\":\"ReadAction\",\"target\":[\"https:\/\/vitjanda.cz\/zasady-ochrany-osobnich-udaju\/\"]}]},{\"@type\":\"BreadcrumbList\",\"@id\":\"https:\/\/vitjanda.cz\/zasady-ochrany-osobnich-udaju\/#breadcrumb\",\"itemListElement\":[{\"@type\":\"ListItem\",\"position\":1,\"name\":\"Dom\u016f\",\"item\":\"https:\/\/vitjanda.cz\/\"},{\"@type\":\"ListItem\",\"position\":2,\"name\":\"Z\u00e1sady ochrany osobn\u00edch \u00fadaj\u016f\"}]}]}<\/script>\n<!-- \/ Yoast SEO plugin. -->","yoast_head_json":{"title":"Z\u00e1sady ochrany osobn\u00edch \u00fadaj\u016f - V\u00edt Janda","robots":{"index":"noindex","follow":"nofollow"},"og_locale":"en_US","og_type":"article","og_title":"Z\u00e1sady ochrany osobn\u00edch \u00fadaj\u016f - V\u00edt Janda","og_description":"Z\u00e1sady ochrany osobn\u00edch \u00fadaj\u016f V\u00edt JandaN\u00e1chodsk\u00e1 2681\/3, 390 03 T\u00e1bor, \u010cesk\u00e1 republikavit.janda@email.cz Prost\u0159ednictv\u00edm t\u00e9to str\u00e1nky V\u00e1m chceme objasnit, jak\u00e9 \u00fadaje shroma\u017e\u010fujeme, co s nimi d\u011bl\u00e1me&hellip;","og_url":"https:\/\/vitjanda.cz\/en\/zasady-ochrany-osobnich-udaju\/","og_site_name":"V\u00edt Janda","article_publisher":"https:\/\/www.facebook.com\/vitek.janda\/","article_modified_time":"2023-12-03T01:05:11+00:00","twitter_card":"summary_large_image","twitter_site":"@vitek_janda","twitter_misc":{"Est. reading time":"4 minutes"},"schema":{"@context":"https:\/\/schema.org","@graph":[{"@type":"Organization","@id":"https:\/\/vitjanda.cz\/#organization","name":"V\u00edt Janda | Business Developer","url":"https:\/\/vitjanda.cz\/","sameAs":["https:\/\/www.facebook.com\/vitek.janda\/","https:\/\/www.instagram.com\/vitekjanda\/","https:\/\/www.linkedin.com\/in\/vitjanda\/","https:\/\/www.youtube.com\/channel\/UCScQCJEGrDivkW_gQmBmRbQ","https:\/\/twitter.com\/vitek_janda"],"logo":{"@type":"ImageObject","@id":"https:\/\/vitjanda.cz\/#logo","inLanguage":"en-US","url":"https:\/\/vitjanda.cz\/wp-content\/uploads\/2020\/12\/VJ.jpg","contentUrl":"https:\/\/vitjanda.cz\/wp-content\/uploads\/2020\/12\/VJ.jpg","width":910,"height":910,"caption":"V\u00edt Janda | Business Developer"},"image":{"@id":"https:\/\/vitjanda.cz\/#logo"}},{"@type":"WebSite","@id":"https:\/\/vitjanda.cz\/#website","url":"https:\/\/vitjanda.cz\/","name":"V\u00edt Janda","description":"Business Developer","publisher":{"@id":"https:\/\/vitjanda.cz\/#organization"},"potentialAction":[{"@type":"SearchAction","target":{"@type":"EntryPoint","urlTemplate":"https:\/\/vitjanda.cz\/?s={search_term_string}"},"query-input":"required name=search_term_string"}],"inLanguage":"en-US"},{"@type":"WebPage","@id":"https:\/\/vitjanda.cz\/zasady-ochrany-osobnich-udaju\/#webpage","url":"https:\/\/vitjanda.cz\/zasady-ochrany-osobnich-udaju\/","name":"Z\u00e1sady ochrany osobn\u00edch \u00fadaj\u016f - V\u00edt Janda","isPartOf":{"@id":"https:\/\/vitjanda.cz\/#website"},"datePublished":"2020-12-18T20:41:24+00:00","dateModified":"2023-12-03T01:05:11+00:00","breadcrumb":{"@id":"https:\/\/vitjanda.cz\/zasady-ochrany-osobnich-udaju\/#breadcrumb"},"inLanguage":"en-US","potentialAction":[{"@type":"ReadAction","target":["https:\/\/vitjanda.cz\/zasady-ochrany-osobnich-udaju\/"]}]},{"@type":"BreadcrumbList","@id":"https:\/\/vitjanda.cz\/zasady-ochrany-osobnich-udaju\/#breadcrumb","itemListElement":[{"@type":"ListItem","position":1,"name":"Dom\u016f","item":"https:\/\/vitjanda.cz\/"},{"@type":"ListItem","position":2,"name":"Z\u00e1sady ochrany osobn\u00edch \u00fadaj\u016f"}]}]}},"_links":{"self":[{"href":"https:\/\/vitjanda.cz\/en\/wp-json\/wp\/v2\/pages\/3","targetHints":{"allow":["GET"]}}],"collection":[{"href":"https:\/\/vitjanda.cz\/en\/wp-json\/wp\/v2\/pages"}],"about":[{"href":"https:\/\/vitjanda.cz\/en\/wp-json\/wp\/v2\/types\/page"}],"author":[{"embeddable":true,"href":"https:\/\/vitjanda.cz\/en\/wp-json\/wp\/v2\/users\/1"}],"replies":[{"embeddable":true,"href":"https:\/\/vitjanda.cz\/en\/wp-json\/wp\/v2\/comments?post=3"}],"version-history":[{"count":0,"href":"https:\/\/vitjanda.cz\/en\/wp-json\/wp\/v2\/pages\/3\/revisions"}],"wp:attachment":[{"href":"https:\/\/vitjanda.cz\/en\/wp-json\/wp\/v2\/media?parent=3"}],"curies":[{"name":"wp","href":"https:\/\/api.w.org\/{rel}","templated":true}]}}