{"id":87,"date":"2020-12-19T14:42:37","date_gmt":"2020-12-19T13:42:37","guid":{"rendered":"https:\/\/vitjanda.cz\/?page_id=87"},"modified":"2020-12-19T14:43:28","modified_gmt":"2020-12-19T13:43:28","slug":"cookies","status":"publish","type":"page","link":"https:\/\/vitjanda.cz\/en\/cookies\/","title":{"rendered":"Cookies"},"content":{"rendered":"<div data-elementor-type=\"wp-page\" data-elementor-id=\"87\" class=\"elementor elementor-87\">\n\t\t\t\t\t\t<div class=\"elementor-inner\">\n\t\t\t\t<div class=\"elementor-section-wrap\">\n\t\t\t\t\t\t\t\t\t<section class=\"elementor-section elementor-top-section elementor-element elementor-element-34c9415b elementor-section-boxed elementor-section-height-default elementor-section-height-default\" data-id=\"34c9415b\" data-element_type=\"section\">\n\t\t\t\t\t\t<div class=\"elementor-container elementor-column-gap-default\">\n\t\t\t\t\t\t\t<div class=\"elementor-row\">\n\t\t\t\t\t<div class=\"elementor-column elementor-col-100 elementor-top-column elementor-element elementor-element-65c37747\" data-id=\"65c37747\" data-element_type=\"column\">\n\t\t\t<div class=\"elementor-column-wrap elementor-element-populated\">\n\t\t\t\t\t\t\t<div class=\"elementor-widget-wrap\">\n\t\t\t\t\t\t<div class=\"elementor-element elementor-element-66630be elementor-widget elementor-widget-heading\" data-id=\"66630be\" data-element_type=\"widget\" data-widget_type=\"heading.default\">\n\t\t\t\t<div class=\"elementor-widget-container\">\n\t\t\t<h2 class=\"elementor-heading-title elementor-size-default\">Cookies<\/h2>\t\t<\/div>\n\t\t\t\t<\/div>\n\t\t\t\t<div class=\"elementor-element elementor-element-502af633 elementor-widget elementor-widget-text-editor\" data-id=\"502af633\" data-element_type=\"widget\" data-widget_type=\"text-editor.default\">\n\t\t\t\t<div class=\"elementor-widget-container\">\n\t\t\t\t\t\t\t\t<div class=\"elementor-text-editor elementor-clearfix\">\n\t\t\t\t<p><!-- wp:heading --><\/p>\n<p>Cookies jsou mal\u00fdm textov\u00fdm souborem, kter\u00fd V\u00e1mi nav\u0161t\u00edven\u00e1 internetov\u00e1 str\u00e1nka ukl\u00e1d\u00e1 ve Va\u0161em po\u010d\u00edta\u010di nebo mobiln\u00edm za\u0159\u00edzen\u00ed. Soubory cookies se b\u011b\u017en\u011b pou\u017e\u00edvaj\u00ed proto, aby internetov\u00e9 str\u00e1nky mohly v\u016fbec fungovat anebo aby mohly fungovat efektivn\u011bji. Cookies tak\u00e9 poskytuj\u00ed informace o chov\u00e1n\u00ed n\u00e1v\u0161t\u011bvn\u00edk\u016f webu, pom\u00e1haj\u00ed <br \/>u personalizace obsahu reklam a jejich spr\u00e1vn\u00e9mu zac\u00edlen\u00ed, nap\u0159. abychom V\u00e1m neukazovali opakovan\u011b stejnou reklamu.<\/p>\n<p>\u00a7 89 odst. 3 z\u00e1kona \u010d. 127\/2005, o elektronick\u00fdch komunikac\u00edch, ve zn\u011bn\u00ed pozd\u011bj\u0161\u00edch p\u0159edpis\u016f, uv\u00e1d\u00ed, \u017ee m\u016f\u017eeme ukl\u00e1dat \u201ccookies\u201d na Va\u0161em za\u0159\u00edzen\u00ed, pokud jsou nezbytn\u011b nutn\u00e9 pro provoz dan\u00e9 str\u00e1nky. Pro v\u0161echny ostatn\u00ed typy cookies pot\u0159ebujeme Va\u0161e povolen\u00ed.<\/p>\n<p>Tato webov\u00e1 str\u00e1nka pou\u017e\u00edv\u00e1 cookies, zejm\u00e9na:<\/p>\n<ul>\n<li>technick\u00e9 \u2013 prvn\u00ed strany, kr\u00e1tkodob\u00e9; zaji\u0161\u0165uj\u00ed z\u00e1kladn\u00ed technickou funk\u010dnost webu, tj. p\u0159ihla\u0161ov\u00e1n\u00ed, vyu\u017e\u00edv\u00e1n\u00ed slu\u017eeb apod.<\/li>\n<li>Google Analytics \u2013 prvn\u00ed strany, dlouhodob\u00e9; jsou vyu\u017eity ke generov\u00e1n\u00ed anonymn\u00edch statistik o pou\u017e\u00edv\u00e1n\u00ed webu<\/li>\n<li>Google Ads \u2013 prvn\u00ed strany, dlouhodob\u00e9, remarketingov\u00e9 a konverzn\u00ed<\/li>\n<li>Seznam Sklik \u2013 t\u0159et\u00ed strany, dlouhodob\u00e9, remarketingov\u00e9 a konverzn\u00ed; na\u0161e webov\u00e9 str\u00e1nky vyu\u017e\u00edvaj\u00ed technologie retargetingu od slu\u017eby Sklik provozovan\u00e9 spole\u010dnost\u00ed Seznam.cz, a.s., kter\u00e1 n\u00e1m umo\u017e\u0148uje uk\u00e1zat n\u00e1v\u0161t\u011bvn\u00edk\u016fm, kte\u0159\u00ed ji\u017e projevili z\u00e1jem <br \/>o na\u0161e produkty, na\u0161e reklamy v reklamn\u00ed s\u00edti spole\u010dnosti Seznam.cz, a.s.<\/li>\n<li>Facebook Pixel \u2013 prvn\u00ed strany, dlouhodob\u00e9, remarketingov\u00e9 a konverzn\u00ed<\/li>\n<\/ul>\n<p>Do cookies nikdy neumis\u0165ujeme citliv\u00e1 nebo osobn\u00ed data. Do cookies m\u016f\u017eeme um\u00edstit <br \/>ID u\u017eivatele, kter\u00e9 v\u0161ak neumo\u017e\u0148uje t\u0159et\u00edm stran\u00e1m identifikovat konkr\u00e9tn\u00ed osobu.<\/p>\n<p>Kdykoli m\u016f\u017eete zm\u011bnit nebo zru\u0161it sv\u016fj souhlas prost\u0159ednictv\u00edm vyskakovac\u00edho okna <br \/>na na\u0161ich webov\u00fdch str\u00e1nk\u00e1ch.<\/p>\n<p>V\u00edce informac\u00ed o tom, kdo s Va\u0161imi osobn\u00edmi \u00fadaji pracuje a jak n\u00e1s m\u016f\u017eete kontaktovat, naleznete v <strong><a href=\"https:\/\/vitjanda.cz\/en\/zasady-ochrany-osobnich-udaju\/\" target=\"_blank\" rel=\"noopener\">z\u00e1sad\u00e1ch ochrany osobn\u00edch \u00fadaj\u016f<\/a><\/strong>, kter\u00e9 naleznete na na\u0161ich webov\u00fdch str\u00e1nk\u00e1ch.<\/p>\n<p>Pokra\u010dov\u00e1n\u00edm v pou\u017e\u00edv\u00e1n\u00ed tohoto webu souhlas\u00edte s pou\u017eit\u00edm soubor\u016f cookies.<\/p>\n<p><!-- \/wp:heading --><\/p>\t\t\t\t\t<\/div>\n\t\t\t\t\t\t<\/div>\n\t\t\t\t<\/div>\n\t\t\t\t\t\t<\/div>\n\t\t\t\t\t<\/div>\n\t\t<\/div>\n\t\t\t\t\t\t\t\t<\/div>\n\t\t\t\t\t<\/div>\n\t\t<\/section>\n\t\t\t\t\t\t\t\t\t<\/div>\n\t\t\t<\/div>\n\t\t\t\t\t<\/div>","protected":false},"excerpt":{"rendered":"<p>Cookies Cookies jsou mal\u00fdm textov\u00fdm souborem, kter\u00fd V\u00e1mi nav\u0161t\u00edven\u00e1 internetov\u00e1 str\u00e1nka ukl\u00e1d\u00e1 ve Va\u0161em po\u010d\u00edta\u010di nebo mobiln\u00edm za\u0159\u00edzen\u00ed. Soubory cookies se b\u011b\u017en\u011b pou\u017e\u00edvaj\u00ed proto, aby&hellip;<\/p>","protected":false},"author":1,"featured_media":0,"parent":0,"menu_order":0,"comment_status":"closed","ping_status":"open","template":"","meta":{"footnotes":""},"class_list":["post-87","page","type-page","status-publish","hentry"],"yoast_head":"<!-- This site is optimized with the Yoast SEO plugin v18.2 - https:\/\/yoast.com\/wordpress\/plugins\/seo\/ -->\n<title>Cookies - V\u00edt Janda<\/title>\n<meta name=\"robots\" content=\"noindex, nofollow\" \/>\n<meta property=\"og:locale\" content=\"en_US\" \/>\n<meta property=\"og:type\" content=\"article\" \/>\n<meta property=\"og:title\" content=\"Cookies - V\u00edt Janda\" \/>\n<meta property=\"og:description\" content=\"Cookies Cookies jsou mal\u00fdm textov\u00fdm souborem, kter\u00fd V\u00e1mi nav\u0161t\u00edven\u00e1 internetov\u00e1 str\u00e1nka ukl\u00e1d\u00e1 ve Va\u0161em po\u010d\u00edta\u010di nebo mobiln\u00edm za\u0159\u00edzen\u00ed. Soubory cookies se b\u011b\u017en\u011b pou\u017e\u00edvaj\u00ed proto, aby&hellip;\" \/>\n<meta property=\"og:url\" content=\"https:\/\/vitjanda.cz\/en\/cookies\/\" \/>\n<meta property=\"og:site_name\" content=\"V\u00edt Janda\" \/>\n<meta property=\"article:publisher\" content=\"https:\/\/www.facebook.com\/vitek.janda\/\" \/>\n<meta property=\"article:modified_time\" content=\"2020-12-19T13:43:28+00:00\" \/>\n<meta name=\"twitter:card\" content=\"summary_large_image\" \/>\n<meta name=\"twitter:site\" content=\"@vitek_janda\" \/>\n<meta name=\"twitter:label1\" content=\"Est. reading time\" \/>\n\t<meta name=\"twitter:data1\" content=\"2 minutes\" \/>\n<script type=\"application\/ld+json\" class=\"yoast-schema-graph\">{\"@context\":\"https:\/\/schema.org\",\"@graph\":[{\"@type\":\"Organization\",\"@id\":\"https:\/\/vitjanda.cz\/#organization\",\"name\":\"V\u00edt Janda | Business Developer\",\"url\":\"https:\/\/vitjanda.cz\/\",\"sameAs\":[\"https:\/\/www.facebook.com\/vitek.janda\/\",\"https:\/\/www.instagram.com\/vitekjanda\/\",\"https:\/\/www.linkedin.com\/in\/vitjanda\/\",\"https:\/\/www.youtube.com\/channel\/UCScQCJEGrDivkW_gQmBmRbQ\",\"https:\/\/twitter.com\/vitek_janda\"],\"logo\":{\"@type\":\"ImageObject\",\"@id\":\"https:\/\/vitjanda.cz\/#logo\",\"inLanguage\":\"en-US\",\"url\":\"https:\/\/vitjanda.cz\/wp-content\/uploads\/2020\/12\/VJ.jpg\",\"contentUrl\":\"https:\/\/vitjanda.cz\/wp-content\/uploads\/2020\/12\/VJ.jpg\",\"width\":910,\"height\":910,\"caption\":\"V\u00edt Janda | Business Developer\"},\"image\":{\"@id\":\"https:\/\/vitjanda.cz\/#logo\"}},{\"@type\":\"WebSite\",\"@id\":\"https:\/\/vitjanda.cz\/#website\",\"url\":\"https:\/\/vitjanda.cz\/\",\"name\":\"V\u00edt Janda\",\"description\":\"Business Developer\",\"publisher\":{\"@id\":\"https:\/\/vitjanda.cz\/#organization\"},\"potentialAction\":[{\"@type\":\"SearchAction\",\"target\":{\"@type\":\"EntryPoint\",\"urlTemplate\":\"https:\/\/vitjanda.cz\/?s={search_term_string}\"},\"query-input\":\"required name=search_term_string\"}],\"inLanguage\":\"en-US\"},{\"@type\":\"WebPage\",\"@id\":\"https:\/\/vitjanda.cz\/cookies\/#webpage\",\"url\":\"https:\/\/vitjanda.cz\/cookies\/\",\"name\":\"Cookies - V\u00edt Janda\",\"isPartOf\":{\"@id\":\"https:\/\/vitjanda.cz\/#website\"},\"datePublished\":\"2020-12-19T13:42:37+00:00\",\"dateModified\":\"2020-12-19T13:43:28+00:00\",\"breadcrumb\":{\"@id\":\"https:\/\/vitjanda.cz\/cookies\/#breadcrumb\"},\"inLanguage\":\"en-US\",\"potentialAction\":[{\"@type\":\"ReadAction\",\"target\":[\"https:\/\/vitjanda.cz\/cookies\/\"]}]},{\"@type\":\"BreadcrumbList\",\"@id\":\"https:\/\/vitjanda.cz\/cookies\/#breadcrumb\",\"itemListElement\":[{\"@type\":\"ListItem\",\"position\":1,\"name\":\"Dom\u016f\",\"item\":\"https:\/\/vitjanda.cz\/\"},{\"@type\":\"ListItem\",\"position\":2,\"name\":\"Cookies\"}]}]}<\/script>\n<!-- \/ Yoast SEO plugin. -->","yoast_head_json":{"title":"Cookies - V\u00edt Janda","robots":{"index":"noindex","follow":"nofollow"},"og_locale":"en_US","og_type":"article","og_title":"Cookies - V\u00edt Janda","og_description":"Cookies Cookies jsou mal\u00fdm textov\u00fdm souborem, kter\u00fd V\u00e1mi nav\u0161t\u00edven\u00e1 internetov\u00e1 str\u00e1nka ukl\u00e1d\u00e1 ve Va\u0161em po\u010d\u00edta\u010di nebo mobiln\u00edm za\u0159\u00edzen\u00ed. Soubory cookies se b\u011b\u017en\u011b pou\u017e\u00edvaj\u00ed proto, aby&hellip;","og_url":"https:\/\/vitjanda.cz\/en\/cookies\/","og_site_name":"V\u00edt Janda","article_publisher":"https:\/\/www.facebook.com\/vitek.janda\/","article_modified_time":"2020-12-19T13:43:28+00:00","twitter_card":"summary_large_image","twitter_site":"@vitek_janda","twitter_misc":{"Est. reading time":"2 minutes"},"schema":{"@context":"https:\/\/schema.org","@graph":[{"@type":"Organization","@id":"https:\/\/vitjanda.cz\/#organization","name":"V\u00edt Janda | Business Developer","url":"https:\/\/vitjanda.cz\/","sameAs":["https:\/\/www.facebook.com\/vitek.janda\/","https:\/\/www.instagram.com\/vitekjanda\/","https:\/\/www.linkedin.com\/in\/vitjanda\/","https:\/\/www.youtube.com\/channel\/UCScQCJEGrDivkW_gQmBmRbQ","https:\/\/twitter.com\/vitek_janda"],"logo":{"@type":"ImageObject","@id":"https:\/\/vitjanda.cz\/#logo","inLanguage":"en-US","url":"https:\/\/vitjanda.cz\/wp-content\/uploads\/2020\/12\/VJ.jpg","contentUrl":"https:\/\/vitjanda.cz\/wp-content\/uploads\/2020\/12\/VJ.jpg","width":910,"height":910,"caption":"V\u00edt Janda | Business Developer"},"image":{"@id":"https:\/\/vitjanda.cz\/#logo"}},{"@type":"WebSite","@id":"https:\/\/vitjanda.cz\/#website","url":"https:\/\/vitjanda.cz\/","name":"V\u00edt Janda","description":"Business Developer","publisher":{"@id":"https:\/\/vitjanda.cz\/#organization"},"potentialAction":[{"@type":"SearchAction","target":{"@type":"EntryPoint","urlTemplate":"https:\/\/vitjanda.cz\/?s={search_term_string}"},"query-input":"required name=search_term_string"}],"inLanguage":"en-US"},{"@type":"WebPage","@id":"https:\/\/vitjanda.cz\/cookies\/#webpage","url":"https:\/\/vitjanda.cz\/cookies\/","name":"Cookies - V\u00edt Janda","isPartOf":{"@id":"https:\/\/vitjanda.cz\/#website"},"datePublished":"2020-12-19T13:42:37+00:00","dateModified":"2020-12-19T13:43:28+00:00","breadcrumb":{"@id":"https:\/\/vitjanda.cz\/cookies\/#breadcrumb"},"inLanguage":"en-US","potentialAction":[{"@type":"ReadAction","target":["https:\/\/vitjanda.cz\/cookies\/"]}]},{"@type":"BreadcrumbList","@id":"https:\/\/vitjanda.cz\/cookies\/#breadcrumb","itemListElement":[{"@type":"ListItem","position":1,"name":"Dom\u016f","item":"https:\/\/vitjanda.cz\/"},{"@type":"ListItem","position":2,"name":"Cookies"}]}]}},"_links":{"self":[{"href":"https:\/\/vitjanda.cz\/en\/wp-json\/wp\/v2\/pages\/87","targetHints":{"allow":["GET"]}}],"collection":[{"href":"https:\/\/vitjanda.cz\/en\/wp-json\/wp\/v2\/pages"}],"about":[{"href":"https:\/\/vitjanda.cz\/en\/wp-json\/wp\/v2\/types\/page"}],"author":[{"embeddable":true,"href":"https:\/\/vitjanda.cz\/en\/wp-json\/wp\/v2\/users\/1"}],"replies":[{"embeddable":true,"href":"https:\/\/vitjanda.cz\/en\/wp-json\/wp\/v2\/comments?post=87"}],"version-history":[{"count":0,"href":"https:\/\/vitjanda.cz\/en\/wp-json\/wp\/v2\/pages\/87\/revisions"}],"wp:attachment":[{"href":"https:\/\/vitjanda.cz\/en\/wp-json\/wp\/v2\/media?parent=87"}],"curies":[{"name":"wp","href":"https:\/\/api.w.org\/{rel}","templated":true}]}}